{"id":91,"date":"2022-09-27T06:04:54","date_gmt":"2022-09-27T04:04:54","guid":{"rendered":"https:\/\/parkirnahisa.si\/?page_id=91"},"modified":"2026-01-30T12:04:26","modified_gmt":"2026-01-30T11:04:26","slug":"home","status":"publish","type":"page","link":"https:\/\/parkirnahisa.si\/en\/","title":{"rendered":"Home"},"content":{"rendered":"\n<div class=\"wp-block-cover alignfull\" style=\"min-height:500px;aspect-ratio:unset;\"><span aria-hidden=\"true\" class=\"wp-block-cover__background has-neve-link-color-background-color has-background-dim-100 has-background-dim\"><\/span><div class=\"wp-block-cover__inner-container is-layout-flow wp-block-cover-is-layout-flow\">\n<div class=\"wp-block-group\"><div class=\"wp-block-group__inner-container is-layout-flow wp-block-group-is-layout-flow\">\n<div style=\"height:50px\" aria-hidden=\"true\" class=\"wp-block-spacer\"><\/div>\n\n\n\n<div class=\"wp-block-columns are-vertically-aligned-center is-layout-flex wp-container-core-columns-is-layout-9d6595d7 wp-block-columns-is-layout-flex\">\n<div class=\"wp-block-column is-vertically-aligned-center is-layout-flow wp-block-column-is-layout-flow\" style=\"flex-basis:50%\">\n<h2 class=\"wp-block-heading has-text-align-left has-neve-text-color-color has-text-color\" style=\"font-size:55px;font-style:normal;font-weight:400\">Parking garage in the city center of Ljubljana<\/h2>\n\n\n\n<div style=\"height:30px\" aria-hidden=\"true\" class=\"wp-block-spacer\"><\/div>\n\n\n\n<p class=\"has-text-align-left has-neve-text-color-color has-text-color\" style=\"font-size:110px;font-style:normal;font-weight:700;letter-spacing:2px\"><strong>24\/7<\/strong><\/p>\n\n\n\n<div style=\"height:40px\" aria-hidden=\"true\" class=\"wp-block-spacer\"><\/div>\n\n\n\n<div style=\"height:20px\" aria-hidden=\"true\" class=\"wp-block-spacer\"><\/div>\n\n\n\n<div class=\"wp-block-buttons is-horizontal is-content-justification-left is-layout-flex wp-container-core-buttons-is-layout-7e5fce0a wp-block-buttons-is-layout-flex\">\n<div class=\"wp-block-button is-style-secondary\"><a class=\"wp-block-button__link wp-element-button\" href=\"https:\/\/parkirnahisa.si\/wp-content\/uploads\/2026\/01\/Parking_BSL_cenik_01-2026_v2_www.pdf\" target=\"_blank\" rel=\"noreferrer noopener\">PRICING<\/a><\/div>\n<\/div>\n\n\n\n<div style=\"height:40px\" aria-hidden=\"true\" class=\"wp-block-spacer hide-mobile\"><\/div>\n<\/div>\n\n\n\n<div class=\"wp-block-column is-vertically-aligned-center is-layout-flow wp-block-column-is-layout-flow\" style=\"flex-basis:50%\">\n<figure class=\"wp-block-image size-full\"><img loading=\"lazy\" decoding=\"async\" width=\"800\" height=\"800\" src=\"https:\/\/parkirnahisa.si\/wp-content\/uploads\/2022\/09\/banner.jpg\" alt=\"\" class=\"wp-image-72\" srcset=\"https:\/\/parkirnahisa.si\/wp-content\/uploads\/2022\/09\/banner.jpg 800w, https:\/\/parkirnahisa.si\/wp-content\/uploads\/2022\/09\/banner-300x300.jpg 300w, https:\/\/parkirnahisa.si\/wp-content\/uploads\/2022\/09\/banner-150x150.jpg 150w, https:\/\/parkirnahisa.si\/wp-content\/uploads\/2022\/09\/banner-768x768.jpg 768w\" sizes=\"auto, (max-width: 800px) 100vw, 800px\" \/><\/figure>\n<\/div>\n<\/div>\n<\/div><\/div>\n<\/div><\/div>\n\n\n\n<div style=\"height:80px\" aria-hidden=\"true\" class=\"wp-block-spacer\"><\/div>\n\n\n\n<div class=\"wp-block-columns is-layout-flex wp-container-core-columns-is-layout-9d6595d7 wp-block-columns-is-layout-flex\">\n<div class=\"wp-block-column is-layout-flow wp-block-column-is-layout-flow\"><div class=\"wp-block-image icon-style\">\n<figure class=\"aligncenter size-full is-resized\"><img loading=\"lazy\" decoding=\"async\" width=\"161\" height=\"160\" src=\"https:\/\/parkirnahisa.si\/wp-content\/uploads\/2022\/09\/parking-spots.png\" alt=\"\" class=\"wp-image-67\" style=\"width:100px;height:100px\" title=\"\" srcset=\"https:\/\/parkirnahisa.si\/wp-content\/uploads\/2022\/09\/parking-spots.png 161w, https:\/\/parkirnahisa.si\/wp-content\/uploads\/2022\/09\/parking-spots-150x150.png 150w\" sizes=\"auto, (max-width: 161px) 100vw, 161px\" \/><\/figure>\n<\/div>\n\n\n<h3 class=\"wp-block-heading has-text-align-center has-neve-text-color-color has-text-color\">588 parking spots<\/h3>\n\n\n\n<p class=\"has-text-align-center\">Parking garage is located under the Republic square, the entrance and exit are arranged from \u0160ubi\u010deva street.<\/p>\n<\/div>\n\n\n\n<div class=\"wp-block-column is-layout-flow wp-block-column-is-layout-flow\"><div class=\"wp-block-image icon-style\">\n<figure class=\"aligncenter size-full is-resized\"><img loading=\"lazy\" decoding=\"async\" width=\"161\" height=\"160\" src=\"https:\/\/parkirnahisa.si\/wp-content\/uploads\/2022\/09\/e-parking-spots.png\" alt=\"\" class=\"wp-image-66\" style=\"width:100px;height:100px\" srcset=\"https:\/\/parkirnahisa.si\/wp-content\/uploads\/2022\/09\/e-parking-spots.png 161w, https:\/\/parkirnahisa.si\/wp-content\/uploads\/2022\/09\/e-parking-spots-150x150.png 150w\" sizes=\"auto, (max-width: 161px) 100vw, 161px\" \/><\/figure>\n<\/div>\n\n\n<h3 class=\"wp-block-heading has-text-align-center has-neve-text-color-color has-text-color\">33 Electric chargers<\/h3>\n\n\n\n<p class=\"has-text-align-center\">You can find Porsche and Electro Slovenia charging stations in the first and second floors.<\/p>\n<\/div>\n\n\n\n<div class=\"wp-block-column is-layout-flow wp-block-column-is-layout-flow\"><div class=\"wp-block-image icon-style\">\n<figure class=\"aligncenter size-full is-resized\"><img loading=\"lazy\" decoding=\"async\" width=\"161\" height=\"160\" src=\"https:\/\/parkirnahisa.si\/wp-content\/uploads\/2022\/09\/senior-parking-spots.png\" alt=\"\" class=\"wp-image-68\" style=\"width:100px;height:100px\" srcset=\"https:\/\/parkirnahisa.si\/wp-content\/uploads\/2022\/09\/senior-parking-spots.png 161w, https:\/\/parkirnahisa.si\/wp-content\/uploads\/2022\/09\/senior-parking-spots-150x150.png 150w\" sizes=\"auto, (max-width: 161px) 100vw, 161px\" \/><\/figure>\n<\/div>\n\n\n<h3 class=\"wp-block-heading has-text-align-center has-neve-text-color-color has-text-color\">50 senior parking spots<\/h3>\n\n\n\n<p class=\"has-text-align-center\">Seniors can use free transportation to their car.<\/p>\n<\/div>\n<\/div>\n\n\n\n<div style=\"height:25px\" aria-hidden=\"true\" class=\"wp-block-spacer\"><\/div>\n\n\n\n<div class=\"wp-block-cover alignfull\" style=\"min-height:500px;aspect-ratio:unset;\" id=\"nacini_placila\"><span aria-hidden=\"true\" class=\"wp-block-cover__background has-nv-light-bg-background-color has-background-dim-100 has-background-dim\"><\/span><div class=\"wp-block-cover__inner-container is-layout-flow wp-block-cover-is-layout-flow\">\n<div class=\"wp-block-group\"><div class=\"wp-block-group__inner-container is-layout-flow wp-block-group-is-layout-flow\">\n<div style=\"height:65px\" aria-hidden=\"true\" class=\"wp-block-spacer\"><\/div>\n\n\n\n<div class=\"wp-block-columns are-vertically-aligned-center is-layout-flex wp-container-core-columns-is-layout-9d6595d7 wp-block-columns-is-layout-flex\">\n<div class=\"wp-block-column is-vertically-aligned-center is-layout-flow wp-block-column-is-layout-flow\" style=\"flex-basis:50%\">\n<figure class=\"wp-block-image size-full\"><img loading=\"lazy\" decoding=\"async\" width=\"801\" height=\"800\" src=\"https:\/\/parkirnahisa.si\/wp-content\/uploads\/2022\/09\/01-nacin-placila.jpg\" alt=\"\" class=\"wp-image-69\" srcset=\"https:\/\/parkirnahisa.si\/wp-content\/uploads\/2022\/09\/01-nacin-placila.jpg 801w, https:\/\/parkirnahisa.si\/wp-content\/uploads\/2022\/09\/01-nacin-placila-300x300.jpg 300w, https:\/\/parkirnahisa.si\/wp-content\/uploads\/2022\/09\/01-nacin-placila-150x150.jpg 150w, https:\/\/parkirnahisa.si\/wp-content\/uploads\/2022\/09\/01-nacin-placila-768x767.jpg 768w\" sizes=\"auto, (max-width: 801px) 100vw, 801px\" \/><\/figure>\n<\/div>\n\n\n\n<div class=\"wp-block-column is-vertically-aligned-center is-layout-flow wp-block-column-is-layout-flow\" style=\"flex-basis:50%\">\n<div style=\"height:20px\" aria-hidden=\"true\" class=\"wp-block-spacer\"><\/div>\n\n\n\n<h2 class=\"wp-block-heading has-text-align-left has-neve-text-color-color has-text-color\">Payment options<\/h2>\n\n\n\n<p class=\"has-text-align-left has-neve-text-color-color has-text-color\" style=\"font-size:17px\">Our visitors have an option to pay the parking fee by cash or debit\/credit card (Mastercard or Visa). Payments are also possible via prepaid cards after prior agreement.<\/p>\n\n\n\n<div class=\"wp-block-buttons is-horizontal is-content-justification-left is-layout-flex wp-container-core-buttons-is-layout-7e5fce0a wp-block-buttons-is-layout-flex\">\n<div class=\"wp-block-button is-style-primary\"><a class=\"wp-block-button__link wp-element-button\" href=\"https:\/\/parkirnahisa.si\/wp-content\/uploads\/2026\/01\/Parking_BSL_cenik_01-2026_v2_www.pdf\" target=\"_blank\" rel=\"noreferrer noopener\">PRICING<\/a><\/div>\n<\/div>\n<\/div>\n<\/div>\n<\/div><\/div>\n\n\n\n<div style=\"height:30px\" aria-hidden=\"true\" class=\"wp-block-spacer\"><\/div>\n<\/div><\/div>\n\n\n\n<div class=\"wp-block-cover alignfull\" style=\"min-height:500px;aspect-ratio:unset;\" id=\"abonenti\"><span aria-hidden=\"true\" class=\"wp-block-cover__background has-nv-site-bg-background-color has-background-dim-100 has-background-dim\"><\/span><div class=\"wp-block-cover__inner-container is-layout-flow wp-block-cover-is-layout-flow\">\n<div class=\"wp-block-group\"><div class=\"wp-block-group__inner-container is-layout-flow wp-block-group-is-layout-flow\">\n<div style=\"height:65px\" aria-hidden=\"true\" class=\"wp-block-spacer\"><\/div>\n\n\n\n<div class=\"wp-block-columns are-vertically-aligned-center is-layout-flex wp-container-core-columns-is-layout-9d6595d7 wp-block-columns-is-layout-flex\">\n<div class=\"wp-block-column is-vertically-aligned-center is-layout-flow wp-block-column-is-layout-flow\" style=\"flex-basis:50%\">\n<h2 class=\"wp-block-heading has-text-align-left has-neve-text-color-color has-text-color\">Reserved parking spaces<\/h2>\n\n\n\n<p class=\"has-text-align-left has-neve-text-color-color has-text-color\" style=\"font-size:17px\">Reserved parking spaces are available for our customers upon request through e-mail or at the cash desk.<\/p>\n\n\n\n<div class=\"wp-block-buttons is-horizontal is-content-justification-left is-layout-flex wp-container-core-buttons-is-layout-7e5fce0a wp-block-buttons-is-layout-flex\">\n<div class=\"wp-block-button is-style-primary\"><a class=\"wp-block-button__link wp-element-button\" href=\"https:\/\/parkirnahisa.si\/wp-content\/uploads\/2026\/01\/Parking_BSL_cenik_01-2026_v2_www.pdf\" target=\"_blank\" rel=\"noreferrer noopener\">PRICING<\/a><\/div>\n<\/div>\n\n\n\n<div style=\"height:40px\" aria-hidden=\"true\" class=\"wp-block-spacer\"><\/div>\n<\/div>\n\n\n\n<div class=\"wp-block-column is-vertically-aligned-center is-layout-flow wp-block-column-is-layout-flow\" style=\"flex-basis:50%\">\n<figure class=\"wp-block-image size-full\"><img loading=\"lazy\" decoding=\"async\" width=\"801\" height=\"800\" src=\"https:\/\/parkirnahisa.si\/wp-content\/uploads\/2022\/09\/02-abonenti.jpg\" alt=\"\" class=\"wp-image-70\" srcset=\"https:\/\/parkirnahisa.si\/wp-content\/uploads\/2022\/09\/02-abonenti.jpg 801w, https:\/\/parkirnahisa.si\/wp-content\/uploads\/2022\/09\/02-abonenti-300x300.jpg 300w, https:\/\/parkirnahisa.si\/wp-content\/uploads\/2022\/09\/02-abonenti-150x150.jpg 150w, https:\/\/parkirnahisa.si\/wp-content\/uploads\/2022\/09\/02-abonenti-768x767.jpg 768w\" sizes=\"auto, (max-width: 801px) 100vw, 801px\" \/><\/figure>\n<\/div>\n<\/div>\n<\/div><\/div>\n\n\n\n<div style=\"height:65px\" aria-hidden=\"true\" class=\"wp-block-spacer\"><\/div>\n<\/div><\/div>\n\n\n\n<div class=\"wp-block-cover alignfull\" style=\"min-height:350px;aspect-ratio:unset;\" id=\"avtopralnica\"><span aria-hidden=\"true\" class=\"wp-block-cover__background has-neve-link-color-background-color has-background-dim-100 has-background-dim\"><\/span><div class=\"wp-block-cover__inner-container is-layout-flow wp-block-cover-is-layout-flow\">\n<div style=\"height:32px\" aria-hidden=\"true\" class=\"wp-block-spacer\"><\/div>\n\n\n\n<div class=\"wp-block-group\"><div class=\"wp-block-group__inner-container is-layout-flow wp-block-group-is-layout-flow\">\n<div class=\"wp-block-columns alignwide is-layout-flex wp-container-core-columns-is-layout-9d6595d7 wp-block-columns-is-layout-flex\">\n<div class=\"wp-block-column is-vertically-aligned-center is-layout-flow wp-block-column-is-layout-flow\" style=\"flex-basis:50%\">\n<div style=\"height:32px\" aria-hidden=\"true\" class=\"wp-block-spacer\"><\/div>\n\n\n\n<figure class=\"wp-block-image size-large\"><img loading=\"lazy\" decoding=\"async\" width=\"1024\" height=\"382\" src=\"https:\/\/parkirnahisa.si\/wp-content\/uploads\/2022\/09\/03-avtopralnica-1024x382.jpg\" alt=\"\" class=\"wp-image-53\" srcset=\"https:\/\/parkirnahisa.si\/wp-content\/uploads\/2022\/09\/03-avtopralnica-1024x382.jpg 1024w, https:\/\/parkirnahisa.si\/wp-content\/uploads\/2022\/09\/03-avtopralnica-300x112.jpg 300w, https:\/\/parkirnahisa.si\/wp-content\/uploads\/2022\/09\/03-avtopralnica-768x287.jpg 768w, https:\/\/parkirnahisa.si\/wp-content\/uploads\/2022\/09\/03-avtopralnica-1536x573.jpg 1536w, https:\/\/parkirnahisa.si\/wp-content\/uploads\/2022\/09\/03-avtopralnica.jpg 1608w\" sizes=\"auto, (max-width: 1024px) 100vw, 1024px\" \/><\/figure>\n<\/div>\n\n\n\n<div class=\"wp-block-column is-vertically-aligned-center is-layout-flow wp-block-column-is-layout-flow\" style=\"flex-basis:50%\">\n<h2 class=\"wp-block-heading has-text-align-left has-nv-dark-bg-color has-text-color\">Car wash<\/h2>\n\n\n\n<p class=\"has-text-align-left has-nv-dark-bg-color has-text-color\" style=\"font-size:17px\">External, internal and deep manual cleaning of your car on the second floor or the Trg republike parking garage.<\/p>\n\n\n\n<div class=\"wp-block-buttons is-horizontal is-content-justification-left is-layout-flex wp-container-core-buttons-is-layout-7e5fce0a wp-block-buttons-is-layout-flex\">\n<div class=\"wp-block-button is-style-secondary\"><a class=\"wp-block-button__link wp-element-button\" href=\"https:\/\/www.carendrive.si\/sl\/content\/rocna-avtopralnica-v-srediscu-ljubljane.html?gad_source=1&amp;gclid=CjwKCAiAw5W-https:\/\/www.carendrive.si\/sl\/content\/rocna-avtopralnica-v-srediscu-ljubljane.html?gad_source=1&amp;gclid=CjwKCAiAw5W-BhAhEiwApv4goNykwchYPhONk0a9U3cEDkealUFR2pST43XbRZqpkTdsRWvLGBMksRoC7mwQAvD_BwE\" target=\"_blank\" rel=\"noreferrer noopener\">BOOKING<\/a><\/div>\n<\/div>\n<\/div>\n<\/div>\n<\/div><\/div>\n<\/div><\/div>\n\n\n\n<div class=\"wp-block-cover alignfull\" style=\"min-height:500px;aspect-ratio:unset;\" id=\"kontakt\"><span aria-hidden=\"true\" class=\"wp-block-cover__background has-nv-site-bg-background-color has-background-dim-100 has-background-dim\"><\/span><div class=\"wp-block-cover__inner-container is-layout-flow wp-block-cover-is-layout-flow\">\n<div class=\"wp-block-group\"><div class=\"wp-block-group__inner-container is-layout-flow wp-block-group-is-layout-flow\">\n<div style=\"height:85px\" aria-hidden=\"true\" class=\"wp-block-spacer\"><\/div>\n\n\n\n<div class=\"wp-block-columns are-vertically-aligned-center is-layout-flex wp-container-core-columns-is-layout-9d6595d7 wp-block-columns-is-layout-flex\">\n<div class=\"wp-block-column is-vertically-aligned-center is-layout-flow wp-block-column-is-layout-flow\" style=\"flex-basis:50%\">\n<h2 class=\"wp-block-heading has-text-align-left has-neve-text-color-color has-text-color\">Contact<\/h2>\n\n\n\n<p class=\"has-text-align-left has-neve-text-color-color has-text-color\" style=\"font-size:17px\">\u0160ubi\u010deva ulica 3a, 1000 Ljubljana<br>08 200 36 68<br><a href=\"mailto:pisarna@parkirnahisa.si\" target=\"_blank\" rel=\"noreferrer noopener\">pisarna@parkirnahisa.si<\/a><\/p>\n\n\n\n<p class=\"has-text-align-left has-neve-text-color-color has-text-color\" style=\"font-size:17px\"><strong>Opening hours:<\/strong> from 00<sup>h<\/sup> until 24<sup>h<\/sup><\/p>\n\n\n\n<p class=\"has-text-align-left has-neve-text-color-color has-text-color\" style=\"font-size:17px\"><strong>Access:<\/strong> The parking garage is located on the opposite side of the Slovenian Parliament, under the Republic Square and is accessible from \u0160ubi\u010deva street in the direction from the Pre\u0161eren road towards Slovenian road.<\/p>\n<\/div>\n\n\n\n<div class=\"wp-block-column is-vertically-aligned-center is-layout-flow wp-block-column-is-layout-flow\" style=\"flex-basis:50%\">\n<div id=\"map\"><\/div>\n<script>\n  function initMap() {\n    const position = { lat: 46.051400, lng: 14.500061 };\n\n    const map = new google.maps.Map(document.getElementById(\"map\"), {\n      mapId: \"e1b4f5efbca31565\",\n      center: position,\n      zoom: 16\n    });\n\n    \/\/ The marker\n    var pinSVGHole = \"M12,11.5A2.5,2.5 0 0,1 9.5,9A2.5,2.5 0 0,1 12,6.5A2.5,2.5 0 0,1 14.5,9A2.5,2.5 0 0,1 12,11.5M12,2A7,7 0 0,0 5,9C5,14.25 12,22 12,22C12,22 19,14.25 19,9A7,7 0 0,0 12,2Z\";\n    const markerImage = {\n        path: pinSVGHole,\n        anchor: new google.maps.Point(12,17),\n        fillOpacity: 1,\n        fillColor: \"#ffdc3b\",\n        strokeWeight: 0,\n        strokeColor: \"white\",\n        scale: 2\n    };\n\n    const marker = new google.maps.Marker({\n      position: position,\n      color: \"yellow\",\n      animation: google.maps.Animation.BOUNCE,\n      icon: markerImage,\n      map: map,\n    });\n  }\n  window.initMap = initMap;\n<\/script>\n<script src=\"https:\/\/maps.googleapis.com\/maps\/api\/js?key=AIzaSyAeYg3t1Od6nQbA0lxwq8Jn9UbjBmNeCWY&amp;callback=initMap&amp;v=weekly&amp;language=en-GB\" defer=\"\"><\/script>\n<\/div>\n<\/div>\n<\/div><\/div>\n\n\n\n<div style=\"height:30px\" aria-hidden=\"true\" class=\"wp-block-spacer\"><\/div>\n<\/div><\/div>\n","protected":false},"excerpt":{"rendered":"<p>588 parking spots Parking garage is located under the Republic square, the entrance and exit are arranged from \u0160ubi\u010deva street. 33 Electric chargers You can find Porsche and Electro Slovenia charging stations in the first and second floors. 50 senior parking spots Seniors can use free transportation to their car.<\/p>\n","protected":false},"author":1,"featured_media":0,"parent":0,"menu_order":0,"comment_status":"closed","ping_status":"closed","template":"","meta":{"neve_meta_sidebar":"","neve_meta_container":"","neve_meta_enable_content_width":"on","neve_meta_content_width":100,"neve_meta_title_alignment":"","neve_meta_author_avatar":"","neve_post_elements_order":"","neve_meta_disable_header":"","neve_meta_disable_footer":"","neve_meta_disable_title":"on","_ti_tpc_template_sync":false,"_ti_tpc_template_id":"","footnotes":""},"class_list":["post-91","page","type-page","status-publish","hentry"],"_links":{"self":[{"href":"https:\/\/parkirnahisa.si\/en\/wp-json\/wp\/v2\/pages\/91","targetHints":{"allow":["GET"]}}],"collection":[{"href":"https:\/\/parkirnahisa.si\/en\/wp-json\/wp\/v2\/pages"}],"about":[{"href":"https:\/\/parkirnahisa.si\/en\/wp-json\/wp\/v2\/types\/page"}],"author":[{"embeddable":true,"href":"https:\/\/parkirnahisa.si\/en\/wp-json\/wp\/v2\/users\/1"}],"replies":[{"embeddable":true,"href":"https:\/\/parkirnahisa.si\/en\/wp-json\/wp\/v2\/comments?post=91"}],"version-history":[{"count":5,"href":"https:\/\/parkirnahisa.si\/en\/wp-json\/wp\/v2\/pages\/91\/revisions"}],"predecessor-version":[{"id":203,"href":"https:\/\/parkirnahisa.si\/en\/wp-json\/wp\/v2\/pages\/91\/revisions\/203"}],"wp:attachment":[{"href":"https:\/\/parkirnahisa.si\/en\/wp-json\/wp\/v2\/media?parent=91"}],"curies":[{"name":"wp","href":"https:\/\/api.w.org\/{rel}","templated":true}]}}